{"id":174,"date":"2022-03-23T10:29:30","date_gmt":"2022-03-23T09:29:30","guid":{"rendered":"https:\/\/velabeachcalaromantica.com\/?page_id=174"},"modified":"2025-03-25T12:01:45","modified_gmt":"2025-03-25T11:01:45","slug":"carta","status":"publish","type":"page","link":"https:\/\/velabeachcalaromantica.com\/?page_id=174","title":{"rendered":"Carta"},"content":{"rendered":"\t\t<div data-elementor-type=\"wp-page\" data-elementor-id=\"174\" class=\"elementor elementor-174\">\n\t\t\t\t\t\t<section class=\"elementor-section elementor-top-section elementor-element elementor-element-042972a elementor-section-height-min-height elementor-section-boxed elementor-section-height-default elementor-section-items-middle\" data-id=\"042972a\" data-element_type=\"section\" data-e-type=\"section\" data-settings=\"{&quot;background_background&quot;:&quot;classic&quot;}\">\n\t\t\t\t\t\t\t<div class=\"elementor-background-overlay\"><\/div>\n\t\t\t\t\t\t\t<div class=\"elementor-container elementor-column-gap-no\">\n\t\t\t\t\t<div class=\"elementor-column elementor-col-100 elementor-top-column elementor-element elementor-element-6a442ea\" data-id=\"6a442ea\" data-element_type=\"column\" data-e-type=\"column\" data-settings=\"{&quot;background_background&quot;:&quot;classic&quot;}\">\n\t\t\t<div class=\"elementor-widget-wrap elementor-element-populated\">\n\t\t\t\t\t\t<div class=\"elementor-element elementor-element-4495f25 elementor-invisible elementor-widget elementor-widget-heading\" data-id=\"4495f25\" data-element_type=\"widget\" data-e-type=\"widget\" data-settings=\"{&quot;_animation&quot;:&quot;fadeInUp&quot;}\" data-widget_type=\"heading.default\">\n\t\t\t\t<div class=\"elementor-widget-container\">\n\t\t\t\t\t<h1 class=\"elementor-heading-title elementor-size-default\">Nuestra Carta<\/h1>\t\t\t\t<\/div>\n\t\t\t\t<\/div>\n\t\t\t\t<div class=\"elementor-element elementor-element-8c57a94 elementor-icon-list--layout-inline elementor-align-center elementor-list-item-link-full_width elementor-invisible elementor-widget elementor-widget-icon-list\" data-id=\"8c57a94\" data-element_type=\"widget\" data-e-type=\"widget\" data-settings=\"{&quot;_animation&quot;:&quot;fadeInUp&quot;}\" data-widget_type=\"icon-list.default\">\n\t\t\t\t<div class=\"elementor-widget-container\">\n\t\t\t\t\t\t\t<ul class=\"elementor-icon-list-items elementor-inline-items\">\n\t\t\t\t\t\t\t<li class=\"elementor-icon-list-item elementor-inline-item\">\n\t\t\t\t\t\t\t\t\t\t\t<a href=\"https:\/\/velabeachcalaromantica.com\/\">\n\n\t\t\t\t\t\t\t\t\t\t\t<span class=\"elementor-icon-list-text\">Inicio<\/span>\n\t\t\t\t\t\t\t\t\t\t\t<\/a>\n\t\t\t\t\t\t\t\t\t<\/li>\n\t\t\t\t\t\t\t\t<li class=\"elementor-icon-list-item elementor-inline-item\">\n\t\t\t\t\t\t\t\t\t\t\t<a href=\"http:\/\/thegreenlabelrestaurant.com\/nosotros\/\">\n\n\t\t\t\t\t\t\t\t\t\t\t\t<span class=\"elementor-icon-list-icon\">\n\t\t\t\t\t\t\t<i aria-hidden=\"true\" class=\"fas fa-chevron-right\"><\/i>\t\t\t\t\t\t<\/span>\n\t\t\t\t\t\t\t\t\t\t<span class=\"elementor-icon-list-text\">Nuestra Carta<\/span>\n\t\t\t\t\t\t\t\t\t\t\t<\/a>\n\t\t\t\t\t\t\t\t\t<\/li>\n\t\t\t\t\t\t<\/ul>\n\t\t\t\t\t\t<\/div>\n\t\t\t\t<\/div>\n\t\t\t\t\t<\/div>\n\t\t<\/div>\n\t\t\t\t\t<\/div>\n\t\t<\/section>\n\t\t<div class=\"elementor-element elementor-element-25bc348 e-flex e-con-boxed e-con e-parent\" data-id=\"25bc348\" data-element_type=\"container\" data-e-type=\"container\" data-settings=\"{&quot;background_background&quot;:&quot;classic&quot;}\">\n\t\t\t\t\t<div class=\"e-con-inner\">\n\t\t<div class=\"elementor-element elementor-element-445e282 e-con-full e-flex e-con e-child\" data-id=\"445e282\" data-element_type=\"container\" data-e-type=\"container\">\n\t\t<div class=\"elementor-element elementor-element-74e15c2 e-con-full e-flex e-con e-child\" data-id=\"74e15c2\" data-element_type=\"container\" data-e-type=\"container\">\n\t\t\t\t<div class=\"elementor-element elementor-element-514604c elementor-widget elementor-widget-image\" data-id=\"514604c\" data-element_type=\"widget\" data-e-type=\"widget\" data-widget_type=\"image.default\">\n\t\t\t\t<div class=\"elementor-widget-container\">\n\t\t\t\t\t\t\t\t\t\t\t\t\t\t\t<img fetchpriority=\"high\" decoding=\"async\" width=\"768\" height=\"1024\" src=\"https:\/\/velabeachcalaromantica.com\/wp-content\/uploads\/2024\/11\/thumbnail_image00171-768x1024.jpg\" class=\"attachment-large size-large wp-image-1030\" alt=\"Restaurante mediterr\u00e1neo en Cala Rom\u00e1ntica Mallorca\" srcset=\"https:\/\/velabeachcalaromantica.com\/wp-content\/uploads\/2024\/11\/thumbnail_image00171-768x1024.jpg 768w, https:\/\/velabeachcalaromantica.com\/wp-content\/uploads\/2024\/11\/thumbnail_image00171-225x300.jpg 225w, https:\/\/velabeachcalaromantica.com\/wp-content\/uploads\/2024\/11\/thumbnail_image00171-1152x1536.jpg 1152w, https:\/\/velabeachcalaromantica.com\/wp-content\/uploads\/2024\/11\/thumbnail_image00171-1536x2048.jpg 1536w, https:\/\/velabeachcalaromantica.com\/wp-content\/uploads\/2024\/11\/thumbnail_image00171.jpg 1920w\" sizes=\"(max-width: 768px) 100vw, 768px\" \/>\t\t\t\t\t\t\t\t\t\t\t\t\t\t\t<\/div>\n\t\t\t\t<\/div>\n\t\t\t\t<\/div>\n\t\t<div class=\"elementor-element elementor-element-c845d9d e-con-full e-flex e-con e-child\" data-id=\"c845d9d\" data-element_type=\"container\" data-e-type=\"container\">\n\t\t\t\t<div class=\"elementor-element elementor-element-10623b1 elementor-widget elementor-widget-heading\" data-id=\"10623b1\" data-element_type=\"widget\" data-e-type=\"widget\" data-widget_type=\"heading.default\">\n\t\t\t\t<div class=\"elementor-widget-container\">\n\t\t\t\t\t<h2 class=\"elementor-heading-title elementor-size-default\">Descubre Nuestra Carta Mediterr\u00e1nea<\/h2>\t\t\t\t<\/div>\n\t\t\t\t<\/div>\n\t\t\t\t<div class=\"elementor-element elementor-element-7b21474 elementor-widget elementor-widget-text-editor\" data-id=\"7b21474\" data-element_type=\"widget\" data-e-type=\"widget\" data-widget_type=\"text-editor.default\">\n\t\t\t\t<div class=\"elementor-widget-container\">\n\t\t\t\t\t\t\t\t\t<p>Explora un mundo de sabores mediterr\u00e1neos, dise\u00f1ados para sorprender tu paladar. Descarga nuestra carta en PDF y planifica tu visita perfecta.<\/p>\t\t\t\t\t\t\t\t<\/div>\n\t\t\t\t<\/div>\n\t\t<div class=\"elementor-element elementor-element-729b9e4 e-con-full e-flex e-con e-child\" data-id=\"729b9e4\" data-element_type=\"container\" data-e-type=\"container\">\n\t\t<div class=\"elementor-element elementor-element-84957d1 e-con-full e-flex e-con e-child\" data-id=\"84957d1\" data-element_type=\"container\" data-e-type=\"container\">\n\t\t\t\t<div class=\"elementor-element elementor-element-2375dfe elementor-align-center elementor-widget elementor-widget-button\" data-id=\"2375dfe\" data-element_type=\"widget\" data-e-type=\"widget\" data-widget_type=\"button.default\">\n\t\t\t\t<div class=\"elementor-widget-container\">\n\t\t\t\t\t\t\t\t\t<div class=\"elementor-button-wrapper\">\n\t\t\t\t\t<a class=\"elementor-button elementor-button-link elementor-size-sm elementor-animation-float\" href=\"https:\/\/velabeachcalaromantica.com\/wp-content\/uploads\/2025\/01\/Comida_Vela_Beach_compressed.pdf\">\n\t\t\t\t\t\t<span class=\"elementor-button-content-wrapper\">\n\t\t\t\t\t\t\t\t\t<span class=\"elementor-button-text\">comida<\/span>\n\t\t\t\t\t<\/span>\n\t\t\t\t\t<\/a>\n\t\t\t\t<\/div>\n\t\t\t\t\t\t\t\t<\/div>\n\t\t\t\t<\/div>\n\t\t\t\t<\/div>\n\t\t<div class=\"elementor-element elementor-element-6e996d7 e-con-full e-flex e-con e-child\" data-id=\"6e996d7\" data-element_type=\"container\" data-e-type=\"container\">\n\t\t\t\t<div class=\"elementor-element elementor-element-9da0988 elementor-align-center elementor-widget elementor-widget-button\" data-id=\"9da0988\" data-element_type=\"widget\" data-e-type=\"widget\" data-widget_type=\"button.default\">\n\t\t\t\t<div class=\"elementor-widget-container\">\n\t\t\t\t\t\t\t\t\t<div class=\"elementor-button-wrapper\">\n\t\t\t\t\t<a class=\"elementor-button elementor-button-link elementor-size-sm elementor-animation-float\" href=\"https:\/\/velabeachcalaromantica.com\/wp-content\/uploads\/2024\/12\/Bebidas%20y%20c%C3%B3cteles%20cl%C3%A1sicos%20Vela%20Beach.pdf\">\n\t\t\t\t\t\t<span class=\"elementor-button-content-wrapper\">\n\t\t\t\t\t\t\t\t\t<span class=\"elementor-button-text\">C\u00d3CTELES y BEBIDAS<\/span>\n\t\t\t\t\t<\/span>\n\t\t\t\t\t<\/a>\n\t\t\t\t<\/div>\n\t\t\t\t\t\t\t\t<\/div>\n\t\t\t\t<\/div>\n\t\t\t\t<\/div>\n\t\t\t\t<\/div>\n\t\t\t\t<\/div>\n\t\t\t\t<\/div>\n\t\t\t\t\t<\/div>\n\t\t\t\t<\/div>\n\t\t\t\t<\/div>\n\t\t","protected":false},"excerpt":{"rendered":"<p>Nuestra Carta Inicio Nuestra Carta Descubre Nuestra Carta Mediterr\u00e1nea Explora un mundo de sabores mediterr\u00e1neos, dise\u00f1ados para sorprender tu paladar. Descarga nuestra carta en PDF y planifica tu visita perfecta. comida C\u00d3CTELES y BEBIDAS<\/p>\n","protected":false},"author":4,"featured_media":0,"parent":0,"menu_order":0,"comment_status":"closed","ping_status":"closed","template":"","meta":{"_acf_changed":false,"footnotes":""},"class_list":["post-174","page","type-page","status-publish","hentry"],"acf":[],"yoast_head":"<!-- This site is optimized with the Yoast SEO plugin v27.4 - https:\/\/yoast.com\/product\/yoast-seo-wordpress\/ -->\n<title>Vela Beach Cala Romantica<\/title>\n<meta name=\"description\" content=\"Disfruta del sabor del Mediterr\u00e1neo en Vela Beach Cala Rom\u00e1ntica. Cocina mediterr\u00e1nea, c\u00f3cteles de autor y vistas espectaculares en Mallorca.\" \/>\n<meta name=\"robots\" content=\"index, follow, max-snippet:-1, max-image-preview:large, max-video-preview:-1\" \/>\n<link rel=\"canonical\" href=\"https:\/\/velabeachcalaromantica.com\/?page_id=174\" \/>\n<meta property=\"og:locale\" content=\"es_ES\" \/>\n<meta property=\"og:type\" content=\"article\" \/>\n<meta property=\"og:title\" content=\"Vela Beach Cala Romantica\" \/>\n<meta property=\"og:description\" content=\"Disfruta del sabor del Mediterr\u00e1neo en Vela Beach Cala Rom\u00e1ntica. Cocina mediterr\u00e1nea, c\u00f3cteles de autor y vistas espectaculares en Mallorca.\" \/>\n<meta property=\"og:url\" content=\"https:\/\/velabeachcalaromantica.com\/?page_id=174\" \/>\n<meta property=\"og:site_name\" content=\"Vela Beach Cala Romantica\" \/>\n<meta property=\"article:modified_time\" content=\"2025-03-25T11:01:45+00:00\" \/>\n<meta property=\"og:image\" content=\"https:\/\/velabeachcalaromantica.com\/wp-content\/uploads\/2024\/11\/thumbnail_image00171-768x1024.jpg\" \/>\n<meta name=\"twitter:card\" content=\"summary_large_image\" \/>\n<meta name=\"twitter:label1\" content=\"Tiempo de lectura\" \/>\n\t<meta name=\"twitter:data1\" content=\"1 minuto\" \/>\n<script type=\"application\/ld+json\" class=\"yoast-schema-graph\">{\"@context\":\"https:\\\/\\\/schema.org\",\"@graph\":[{\"@type\":\"WebPage\",\"@id\":\"https:\\\/\\\/velabeachcalaromantica.com\\\/?page_id=174\",\"url\":\"https:\\\/\\\/velabeachcalaromantica.com\\\/?page_id=174\",\"name\":\"Vela Beach Cala Romantica\",\"isPartOf\":{\"@id\":\"https:\\\/\\\/velabeachcalaromantica.com\\\/#website\"},\"primaryImageOfPage\":{\"@id\":\"https:\\\/\\\/velabeachcalaromantica.com\\\/?page_id=174#primaryimage\"},\"image\":{\"@id\":\"https:\\\/\\\/velabeachcalaromantica.com\\\/?page_id=174#primaryimage\"},\"thumbnailUrl\":\"https:\\\/\\\/velabeachcalaromantica.com\\\/wp-content\\\/uploads\\\/2024\\\/11\\\/thumbnail_image00171-768x1024.jpg\",\"datePublished\":\"2022-03-23T09:29:30+00:00\",\"dateModified\":\"2025-03-25T11:01:45+00:00\",\"description\":\"Disfruta del sabor del Mediterr\u00e1neo en Vela Beach Cala Rom\u00e1ntica. Cocina mediterr\u00e1nea, c\u00f3cteles de autor y vistas espectaculares en Mallorca.\",\"breadcrumb\":{\"@id\":\"https:\\\/\\\/velabeachcalaromantica.com\\\/?page_id=174#breadcrumb\"},\"inLanguage\":\"es\",\"potentialAction\":[{\"@type\":\"ReadAction\",\"target\":[\"https:\\\/\\\/velabeachcalaromantica.com\\\/?page_id=174\"]}]},{\"@type\":\"ImageObject\",\"inLanguage\":\"es\",\"@id\":\"https:\\\/\\\/velabeachcalaromantica.com\\\/?page_id=174#primaryimage\",\"url\":\"https:\\\/\\\/velabeachcalaromantica.com\\\/wp-content\\\/uploads\\\/2024\\\/11\\\/thumbnail_image00171.jpg\",\"contentUrl\":\"https:\\\/\\\/velabeachcalaromantica.com\\\/wp-content\\\/uploads\\\/2024\\\/11\\\/thumbnail_image00171.jpg\",\"width\":1920,\"height\":2560,\"caption\":\"Restaurante mediterr\u00e1neo en Cala Rom\u00e1ntica Mallorca\"},{\"@type\":\"BreadcrumbList\",\"@id\":\"https:\\\/\\\/velabeachcalaromantica.com\\\/?page_id=174#breadcrumb\",\"itemListElement\":[{\"@type\":\"ListItem\",\"position\":1,\"name\":\"Portada\",\"item\":\"https:\\\/\\\/velabeachcalaromantica.com\\\/\"},{\"@type\":\"ListItem\",\"position\":2,\"name\":\"Carta\"}]},{\"@type\":\"WebSite\",\"@id\":\"https:\\\/\\\/velabeachcalaromantica.com\\\/#website\",\"url\":\"https:\\\/\\\/velabeachcalaromantica.com\\\/\",\"name\":\"Vela Beach Cala Romantica\",\"description\":\"Restaurante Cala Romantica en Mallorca\",\"publisher\":{\"@id\":\"https:\\\/\\\/velabeachcalaromantica.com\\\/#organization\"},\"potentialAction\":[{\"@type\":\"SearchAction\",\"target\":{\"@type\":\"EntryPoint\",\"urlTemplate\":\"https:\\\/\\\/velabeachcalaromantica.com\\\/?s={search_term_string}\"},\"query-input\":{\"@type\":\"PropertyValueSpecification\",\"valueRequired\":true,\"valueName\":\"search_term_string\"}}],\"inLanguage\":\"es\"},{\"@type\":\"Organization\",\"@id\":\"https:\\\/\\\/velabeachcalaromantica.com\\\/#organization\",\"name\":\"Vela Beach Cala Romantica\",\"url\":\"https:\\\/\\\/velabeachcalaromantica.com\\\/\",\"logo\":{\"@type\":\"ImageObject\",\"inLanguage\":\"es\",\"@id\":\"https:\\\/\\\/velabeachcalaromantica.com\\\/#\\\/schema\\\/logo\\\/image\\\/\",\"url\":\"https:\\\/\\\/velabeachcalaromantica.com\\\/wp-content\\\/uploads\\\/2022\\\/03\\\/395B66-e1732726373639.png\",\"contentUrl\":\"https:\\\/\\\/velabeachcalaromantica.com\\\/wp-content\\\/uploads\\\/2022\\\/03\\\/395B66-e1732726373639.png\",\"width\":1080,\"height\":358,\"caption\":\"Vela Beach Cala Romantica\"},\"image\":{\"@id\":\"https:\\\/\\\/velabeachcalaromantica.com\\\/#\\\/schema\\\/logo\\\/image\\\/\"}}]}<\/script>\n<!-- \/ Yoast SEO plugin. -->","yoast_head_json":{"title":"Vela Beach Cala Romantica","description":"Disfruta del sabor del Mediterr\u00e1neo en Vela Beach Cala Rom\u00e1ntica. Cocina mediterr\u00e1nea, c\u00f3cteles de autor y vistas espectaculares en Mallorca.","robots":{"index":"index","follow":"follow","max-snippet":"max-snippet:-1","max-image-preview":"max-image-preview:large","max-video-preview":"max-video-preview:-1"},"canonical":"https:\/\/velabeachcalaromantica.com\/?page_id=174","og_locale":"es_ES","og_type":"article","og_title":"Vela Beach Cala Romantica","og_description":"Disfruta del sabor del Mediterr\u00e1neo en Vela Beach Cala Rom\u00e1ntica. Cocina mediterr\u00e1nea, c\u00f3cteles de autor y vistas espectaculares en Mallorca.","og_url":"https:\/\/velabeachcalaromantica.com\/?page_id=174","og_site_name":"Vela Beach Cala Romantica","article_modified_time":"2025-03-25T11:01:45+00:00","og_image":[{"url":"https:\/\/velabeachcalaromantica.com\/wp-content\/uploads\/2024\/11\/thumbnail_image00171-768x1024.jpg","type":"","width":"","height":""}],"twitter_card":"summary_large_image","twitter_misc":{"Tiempo de lectura":"1 minuto"},"schema":{"@context":"https:\/\/schema.org","@graph":[{"@type":"WebPage","@id":"https:\/\/velabeachcalaromantica.com\/?page_id=174","url":"https:\/\/velabeachcalaromantica.com\/?page_id=174","name":"Vela Beach Cala Romantica","isPartOf":{"@id":"https:\/\/velabeachcalaromantica.com\/#website"},"primaryImageOfPage":{"@id":"https:\/\/velabeachcalaromantica.com\/?page_id=174#primaryimage"},"image":{"@id":"https:\/\/velabeachcalaromantica.com\/?page_id=174#primaryimage"},"thumbnailUrl":"https:\/\/velabeachcalaromantica.com\/wp-content\/uploads\/2024\/11\/thumbnail_image00171-768x1024.jpg","datePublished":"2022-03-23T09:29:30+00:00","dateModified":"2025-03-25T11:01:45+00:00","description":"Disfruta del sabor del Mediterr\u00e1neo en Vela Beach Cala Rom\u00e1ntica. Cocina mediterr\u00e1nea, c\u00f3cteles de autor y vistas espectaculares en Mallorca.","breadcrumb":{"@id":"https:\/\/velabeachcalaromantica.com\/?page_id=174#breadcrumb"},"inLanguage":"es","potentialAction":[{"@type":"ReadAction","target":["https:\/\/velabeachcalaromantica.com\/?page_id=174"]}]},{"@type":"ImageObject","inLanguage":"es","@id":"https:\/\/velabeachcalaromantica.com\/?page_id=174#primaryimage","url":"https:\/\/velabeachcalaromantica.com\/wp-content\/uploads\/2024\/11\/thumbnail_image00171.jpg","contentUrl":"https:\/\/velabeachcalaromantica.com\/wp-content\/uploads\/2024\/11\/thumbnail_image00171.jpg","width":1920,"height":2560,"caption":"Restaurante mediterr\u00e1neo en Cala Rom\u00e1ntica Mallorca"},{"@type":"BreadcrumbList","@id":"https:\/\/velabeachcalaromantica.com\/?page_id=174#breadcrumb","itemListElement":[{"@type":"ListItem","position":1,"name":"Portada","item":"https:\/\/velabeachcalaromantica.com\/"},{"@type":"ListItem","position":2,"name":"Carta"}]},{"@type":"WebSite","@id":"https:\/\/velabeachcalaromantica.com\/#website","url":"https:\/\/velabeachcalaromantica.com\/","name":"Vela Beach Cala Romantica","description":"Restaurante Cala Romantica en Mallorca","publisher":{"@id":"https:\/\/velabeachcalaromantica.com\/#organization"},"potentialAction":[{"@type":"SearchAction","target":{"@type":"EntryPoint","urlTemplate":"https:\/\/velabeachcalaromantica.com\/?s={search_term_string}"},"query-input":{"@type":"PropertyValueSpecification","valueRequired":true,"valueName":"search_term_string"}}],"inLanguage":"es"},{"@type":"Organization","@id":"https:\/\/velabeachcalaromantica.com\/#organization","name":"Vela Beach Cala Romantica","url":"https:\/\/velabeachcalaromantica.com\/","logo":{"@type":"ImageObject","inLanguage":"es","@id":"https:\/\/velabeachcalaromantica.com\/#\/schema\/logo\/image\/","url":"https:\/\/velabeachcalaromantica.com\/wp-content\/uploads\/2022\/03\/395B66-e1732726373639.png","contentUrl":"https:\/\/velabeachcalaromantica.com\/wp-content\/uploads\/2022\/03\/395B66-e1732726373639.png","width":1080,"height":358,"caption":"Vela Beach Cala Romantica"},"image":{"@id":"https:\/\/velabeachcalaromantica.com\/#\/schema\/logo\/image\/"}}]}},"_links":{"self":[{"href":"https:\/\/velabeachcalaromantica.com\/index.php?rest_route=\/wp\/v2\/pages\/174","targetHints":{"allow":["GET"]}}],"collection":[{"href":"https:\/\/velabeachcalaromantica.com\/index.php?rest_route=\/wp\/v2\/pages"}],"about":[{"href":"https:\/\/velabeachcalaromantica.com\/index.php?rest_route=\/wp\/v2\/types\/page"}],"author":[{"embeddable":true,"href":"https:\/\/velabeachcalaromantica.com\/index.php?rest_route=\/wp\/v2\/users\/4"}],"replies":[{"embeddable":true,"href":"https:\/\/velabeachcalaromantica.com\/index.php?rest_route=%2Fwp%2Fv2%2Fcomments&post=174"}],"version-history":[{"count":70,"href":"https:\/\/velabeachcalaromantica.com\/index.php?rest_route=\/wp\/v2\/pages\/174\/revisions"}],"predecessor-version":[{"id":1714,"href":"https:\/\/velabeachcalaromantica.com\/index.php?rest_route=\/wp\/v2\/pages\/174\/revisions\/1714"}],"wp:attachment":[{"href":"https:\/\/velabeachcalaromantica.com\/index.php?rest_route=%2Fwp%2Fv2%2Fmedia&parent=174"}],"curies":[{"name":"wp","href":"https:\/\/api.w.org\/{rel}","templated":true}]}}